{"id":61,"date":"2024-01-15T12:36:47","date_gmt":"2024-01-15T11:36:47","guid":{"rendered":"https:\/\/www.marmolesvallejo.com\/blog\/?page_id=61"},"modified":"2024-04-20T12:35:39","modified_gmt":"2024-04-20T10:35:39","slug":"compac","status":"publish","type":"page","link":"https:\/\/www.marmolesvallejo.com\/blog\/compac\/","title":{"rendered":"Compac"},"content":{"rendered":"\n<p>El&nbsp;<strong>Cuarzo Tecnol\u00f3gico<\/strong>&nbsp;es un producto de excepcional dureza y belleza. Con la apariencia y sensaci\u00f3n natural del cuarzo, pero con un rendimiento superior gracias a su gran durabilidad. Cuenta adem\u00e1s con una gran gama de colores, dise\u00f1os, tama\u00f1os, espesores y ornamentaciones.<\/p>\n\n\n\n<p>Un producto utilizado en <a href=\"https:\/\/efisurmalaga.com\/reformas-cocinas-malaga.html\" target=\"_blank\" rel=\"noreferrer noopener\">reformas de cocinas<\/a> y ba\u00f1os, id\u00f3neo para encimeras de\u00a0<strong>cocina, pavimentos, aplacados y todo tipo de superficies de interior que tengan que soportar un uso intensivo.<\/strong><\/p>\n\n\n\n<p>Compuesto en un 93-95% aprox. por cuarzo, un 5-7% de pol\u00edmero aglomerante de resina de poli\u00e9ster o naturales de alta calidad y un 1% de pigmentos, nuestro cuarzo es uno de los minerales m\u00e1s duros de la naturaleza y confiere a las encimeras unos excepcionales niveles de resistencia a la abrasi\u00f3n y al rayado.<br><br>El Cuarzo Compac es un producto de excepcional dureza y belleza. Con la apariencia y sensaci\u00f3n natural del cuarzo pero con un rendimiento superior gracias a su gran durabilidad. Dispone de una amplia gama de colores, dise\u00f1os, tama\u00f1os, espesores y ornamentaciones.&nbsp;<strong>Un producto id\u00f3neo para superficies de interior que tengan que soportar un uso intensivo.<\/strong><\/p>\n","protected":false},"excerpt":{"rendered":"<p>El&nbsp;Cuarzo Tecnol\u00f3gico&nbsp;es un producto de excepcional dureza y belleza. Con la apariencia y sensaci\u00f3n natural del cuarzo, pero con un rendimiento superior gracias a su gran durabilidad. Cuenta adem\u00e1s con una gran gama de colores, dise\u00f1os, tama\u00f1os, espesores y ornamentaciones.<span class=\"more-button\"><a href=\"https:\/\/www.marmolesvallejo.com\/blog\/compac\/\" class=\"more-link\">Seguir leyendo<span class=\"screen-reader-text\">Compac<\/span><\/a><\/span><\/p>\n","protected":false},"author":1,"featured_media":70,"parent":0,"menu_order":0,"comment_status":"closed","ping_status":"open","template":"","meta":{"footnotes":""},"class_list":["post-61","page","type-page","status-publish","has-post-thumbnail","hentry"],"_links":{"self":[{"href":"https:\/\/www.marmolesvallejo.com\/blog\/wp-json\/wp\/v2\/pages\/61","targetHints":{"allow":["GET"]}}],"collection":[{"href":"https:\/\/www.marmolesvallejo.com\/blog\/wp-json\/wp\/v2\/pages"}],"about":[{"href":"https:\/\/www.marmolesvallejo.com\/blog\/wp-json\/wp\/v2\/types\/page"}],"author":[{"embeddable":true,"href":"https:\/\/www.marmolesvallejo.com\/blog\/wp-json\/wp\/v2\/users\/1"}],"replies":[{"embeddable":true,"href":"https:\/\/www.marmolesvallejo.com\/blog\/wp-json\/wp\/v2\/comments?post=61"}],"version-history":[{"count":3,"href":"https:\/\/www.marmolesvallejo.com\/blog\/wp-json\/wp\/v2\/pages\/61\/revisions"}],"predecessor-version":[{"id":95,"href":"https:\/\/www.marmolesvallejo.com\/blog\/wp-json\/wp\/v2\/pages\/61\/revisions\/95"}],"wp:featuredmedia":[{"embeddable":true,"href":"https:\/\/www.marmolesvallejo.com\/blog\/wp-json\/wp\/v2\/media\/70"}],"wp:attachment":[{"href":"https:\/\/www.marmolesvallejo.com\/blog\/wp-json\/wp\/v2\/media?parent=61"}],"curies":[{"name":"wp","href":"https:\/\/api.w.org\/{rel}","templated":true}]}}