{"id":65,"date":"2024-01-15T12:39:00","date_gmt":"2024-01-15T11:39:00","guid":{"rendered":"https:\/\/www.marmolesvallejo.com\/blog\/?page_id=65"},"modified":"2024-01-15T12:39:00","modified_gmt":"2024-01-15T11:39:00","slug":"xtone","status":"publish","type":"page","link":"https:\/\/www.marmolesvallejo.com\/blog\/xtone\/","title":{"rendered":"Xtone"},"content":{"rendered":"\n<p>Desde M\u00e1rmoles Vallejo siempre innovamos y tratamos de estar al d\u00eda en cuanto a t\u00e9cnicas y materiales se trata. Actualmente vamos a empezar a trabajar con un nuevo material porcel\u00e1nico, Xtone, de la empresa Urbatek Ceramis, del grupo Porcelanosa.<\/p>\n\n\n\n<p>El Xtone es un material porcel\u00e1nico, que entra a competir con Neolith y Dekton. Te adelantamos algunas de las caracter\u00edsticas y ventajas de este novedoso material\u2026<\/p>\n\n\n\n<p><strong>levadas prestaciones:<\/strong>\u00a0Compacto mineral sinterizado a partir de la selecci\u00f3n de materias primas de mayor pureza con las que obtenemos una superficie de elevadas prestaciones capaz de satisfacer las m\u00e1s altas exigencias.<br><strong>Higi\u00e9nico:<\/strong>\u00a0Id\u00f3neo para el contacto directo con alimentos, no libera compuestos org\u00e1nicos vol\u00e1tiles (VOC), adem\u00e1s evita la proliferaci\u00f3n de hongos y bacterias.<br><strong>A prueba de agua:<\/strong>\u00a0La nula porosidad del compacto sinterizado evita la absorci\u00f3n de l\u00edquidos y gases, impidiendo la acumulaci\u00f3n de olores.<br><strong>F\u00e1cil de limpiar:<\/strong>\u00a0F\u00e1cil mantenimiento diario sin la necesidad de productos especiales. Calidad asegurada que avalan los 10 a\u00f1os de garant\u00eda del material<\/p>\n","protected":false},"excerpt":{"rendered":"<p>Desde M\u00e1rmoles Vallejo siempre innovamos y tratamos de estar al d\u00eda en cuanto a t\u00e9cnicas y materiales se trata. Actualmente vamos a empezar a trabajar con un nuevo material porcel\u00e1nico, Xtone, de la empresa Urbatek Ceramis, del grupo Porcelanosa. El<span class=\"more-button\"><a href=\"https:\/\/www.marmolesvallejo.com\/blog\/xtone\/\" class=\"more-link\">Seguir leyendo<span class=\"screen-reader-text\">Xtone<\/span><\/a><\/span><\/p>\n","protected":false},"author":1,"featured_media":67,"parent":0,"menu_order":0,"comment_status":"closed","ping_status":"open","template":"","meta":{"footnotes":""},"class_list":["post-65","page","type-page","status-publish","has-post-thumbnail","hentry"],"_links":{"self":[{"href":"https:\/\/www.marmolesvallejo.com\/blog\/wp-json\/wp\/v2\/pages\/65","targetHints":{"allow":["GET"]}}],"collection":[{"href":"https:\/\/www.marmolesvallejo.com\/blog\/wp-json\/wp\/v2\/pages"}],"about":[{"href":"https:\/\/www.marmolesvallejo.com\/blog\/wp-json\/wp\/v2\/types\/page"}],"author":[{"embeddable":true,"href":"https:\/\/www.marmolesvallejo.com\/blog\/wp-json\/wp\/v2\/users\/1"}],"replies":[{"embeddable":true,"href":"https:\/\/www.marmolesvallejo.com\/blog\/wp-json\/wp\/v2\/comments?post=65"}],"version-history":[{"count":1,"href":"https:\/\/www.marmolesvallejo.com\/blog\/wp-json\/wp\/v2\/pages\/65\/revisions"}],"predecessor-version":[{"id":68,"href":"https:\/\/www.marmolesvallejo.com\/blog\/wp-json\/wp\/v2\/pages\/65\/revisions\/68"}],"wp:featuredmedia":[{"embeddable":true,"href":"https:\/\/www.marmolesvallejo.com\/blog\/wp-json\/wp\/v2\/media\/67"}],"wp:attachment":[{"href":"https:\/\/www.marmolesvallejo.com\/blog\/wp-json\/wp\/v2\/media?parent=65"}],"curies":[{"name":"wp","href":"https:\/\/api.w.org\/{rel}","templated":true}]}}